{"id":19,"date":"2025-10-21T07:46:17","date_gmt":"2025-10-21T07:46:17","guid":{"rendered":"https:\/\/cuppaterra.com\/?page_id=19"},"modified":"2025-10-21T17:21:31","modified_gmt":"2025-10-21T17:21:31","slug":"ana-sayfa","status":"publish","type":"page","link":"https:\/\/cuppaterra.com\/","title":{"rendered":"Ana Sayfa"},"content":{"rendered":"<h2 class=\"wp-block-heading\">Cuppa Terra<\/h2>\n\n\n\n<p><strong>Cuppa Terra<\/strong>, kahveye tutkuyla yakla\u015fanlar\u0131n bulu\u015fma noktas\u0131!<br>Her fincanda do\u011fall\u0131\u011f\u0131, eme\u011fi ve lezzeti bir araya getiriyoruz. \u00d6zenle se\u00e7ilmi\u015f \u00e7ekirdeklerimiz, ustal\u0131kla kavrulup taze olarak haz\u0131rlan\u0131yor; b\u00f6ylece her yudumda ger\u00e7ek kahve deneyimini hissediyorsunuz.<\/p>\n\n\n\n<p>Bizim i\u00e7in kahve yaln\u0131zca bir i\u00e7ecek de\u011fil, bir payla\u015f\u0131m bi\u00e7imi. S\u0131cac\u0131k atmosferimizde dostlar\u0131n\u0131zla sohbet ederken ya da g\u00fcn\u00fcn yorgunlu\u011funu atarken Cuppaterra\u2019n\u0131n \u00f6zel kar\u0131\u015f\u0131mlar\u0131 size e\u015flik etsin.<\/p>\n\n\n\n<p>Kahvenin do\u011fall\u0131\u011f\u0131na, topra\u011f\u0131n bereketine ve samimi anlara inan\u0131yoruz.<br><strong>Cuppaterra \u2013 Kahve Topraktan Do\u011far.<\/strong><\/p>\n\n\n\n<figure class=\"wp-block-gallery has-nested-images columns-default is-cropped wp-block-gallery-1 is-layout-flex wp-block-gallery-is-layout-flex\">\n<figure class=\"wp-block-image size-large is-style-default\"><img loading=\"lazy\" decoding=\"async\" width=\"881\" height=\"1024\" data-id=\"95\" src=\"https:\/\/cuppaterra.com\/wp-content\/uploads\/2025\/10\/5409b164-1994-4d99-a637-63368228aec6-1-881x1024.jpeg\" alt=\"\" class=\"wp-image-95\" srcset=\"https:\/\/cuppaterra.com\/wp-content\/uploads\/2025\/10\/5409b164-1994-4d99-a637-63368228aec6-1-881x1024.jpeg 881w, https:\/\/cuppaterra.com\/wp-content\/uploads\/2025\/10\/5409b164-1994-4d99-a637-63368228aec6-1-258x300.jpeg 258w, https:\/\/cuppaterra.com\/wp-content\/uploads\/2025\/10\/5409b164-1994-4d99-a637-63368228aec6-1-768x892.jpeg 768w, https:\/\/cuppaterra.com\/wp-content\/uploads\/2025\/10\/5409b164-1994-4d99-a637-63368228aec6-1-1322x1536.jpeg 1322w, https:\/\/cuppaterra.com\/wp-content\/uploads\/2025\/10\/5409b164-1994-4d99-a637-63368228aec6-1.jpeg 1377w\" sizes=\"auto, (max-width: 881px) 100vw, 881px\" \/><\/figure>\n\n\n\n<figure class=\"wp-block-image size-large\"><img loading=\"lazy\" decoding=\"async\" width=\"894\" height=\"1024\" data-id=\"11\" src=\"https:\/\/cuppaterra.com\/wp-content\/uploads\/2025\/10\/IMG_0354-894x1024.jpeg\" alt=\"\" class=\"wp-image-11\" srcset=\"https:\/\/cuppaterra.com\/wp-content\/uploads\/2025\/10\/IMG_0354-894x1024.jpeg 894w, https:\/\/cuppaterra.com\/wp-content\/uploads\/2025\/10\/IMG_0354-262x300.jpeg 262w, https:\/\/cuppaterra.com\/wp-content\/uploads\/2025\/10\/IMG_0354-768x880.jpeg 768w, https:\/\/cuppaterra.com\/wp-content\/uploads\/2025\/10\/IMG_0354.jpeg 1017w\" sizes=\"auto, (max-width: 894px) 100vw, 894px\" \/><\/figure>\n<\/figure>\n\n\n\n<figure class=\"wp-block-image size-full\"><img loading=\"lazy\" decoding=\"async\" width=\"620\" height=\"167\" src=\"https:\/\/cuppaterra.com\/wp-content\/uploads\/2025\/10\/1122.png\" alt=\"\" class=\"wp-image-73\" srcset=\"https:\/\/cuppaterra.com\/wp-content\/uploads\/2025\/10\/1122.png 620w, https:\/\/cuppaterra.com\/wp-content\/uploads\/2025\/10\/1122-300x81.png 300w\" sizes=\"auto, (max-width: 620px) 100vw, 620px\" \/><\/figure>\n\n\n\n<figure class=\"wp-block-image size-full\"><img loading=\"lazy\" decoding=\"async\" width=\"583\" height=\"46\" src=\"https:\/\/cuppaterra.com\/wp-content\/uploads\/2025\/10\/Adsiz.png\" alt=\"\" class=\"wp-image-93\" srcset=\"https:\/\/cuppaterra.com\/wp-content\/uploads\/2025\/10\/Adsiz.png 583w, https:\/\/cuppaterra.com\/wp-content\/uploads\/2025\/10\/Adsiz-300x24.png 300w\" sizes=\"auto, (max-width: 583px) 100vw, 583px\" \/><\/figure>\n\n\n\n<h3 class=\"wp-block-heading\">En Sevilen Kahvelerimiz<\/h3>\n\n\n\n<p>Cuppaterra\u2019da her damak tad\u0131na uygun bir kahve var. \u0130\u015fte misafirlerimizin en \u00e7ok tercih etti\u011fi lezzetler:<\/p>\n\n\n\n<p><strong>Latte<\/strong> \u2013 Yumu\u015fac\u0131k s\u00fct k\u00f6p\u00fc\u011f\u00fc ve dengeli espresso birle\u015fimiyle g\u00fcn\u00fcn her saatine yak\u0131\u015fan klasik bir lezzet.<\/p>\n\n\n\n<p><strong>Flat White<\/strong> \u2013 Yo\u011fun aromal\u0131 kahve sevenlerin favorisi. \u0130nce s\u00fct kremas\u0131yla zarif bir denge yakalar.<\/p>\n\n\n\n<p><strong>Cappuccino<\/strong> \u2013 Geleneksel \u0130talyan tarz\u0131nda haz\u0131rlanan, bol k\u00f6p\u00fckl\u00fc ve g\u00fc\u00e7l\u00fc aromal\u0131 bir klasik.<\/p>\n\n\n\n<p><strong>Cold Brew<\/strong> \u2013 Saatler s\u00fcren demleme s\u00fcreciyle elde edilen serin ve ipeksi lezzet. \u00d6zellikle yaz aylar\u0131nda vazge\u00e7ilmezimiz.<\/p>\n\n\n\n<p><strong>Espresso<\/strong> \u2013 Saf kahve deneyimini sevenler i\u00e7in. Tek yudumda enerjiyi ve yo\u011fun aromay\u0131 hissedin.<\/p>\n\n\n\n<p>Her fincan Cuppaterra\u2019da \u00f6zenle haz\u0131rlan\u0131r, taze \u00e7ekilmi\u015f kahve kokusuyla birlikte sizi benzersiz bir yolculu\u011fa \u00e7\u0131kar\u0131r.<\/p>\n\n\n\n<figure class=\"wp-block-gallery has-nested-images columns-default is-cropped wp-block-gallery-2 is-layout-flex wp-block-gallery-is-layout-flex\">\n<figure class=\"wp-block-image size-large\"><img loading=\"lazy\" decoding=\"async\" width=\"1012\" height=\"1012\" data-id=\"15\" src=\"https:\/\/cuppaterra.com\/wp-content\/uploads\/2025\/10\/IMG_0358.jpeg\" alt=\"\" class=\"wp-image-15\" srcset=\"https:\/\/cuppaterra.com\/wp-content\/uploads\/2025\/10\/IMG_0358.jpeg 1012w, https:\/\/cuppaterra.com\/wp-content\/uploads\/2025\/10\/IMG_0358-300x300.jpeg 300w, https:\/\/cuppaterra.com\/wp-content\/uploads\/2025\/10\/IMG_0358-150x150.jpeg 150w, https:\/\/cuppaterra.com\/wp-content\/uploads\/2025\/10\/IMG_0358-768x768.jpeg 768w\" sizes=\"auto, (max-width: 1012px) 100vw, 1012px\" \/><\/figure>\n\n\n\n<figure class=\"wp-block-image size-large\"><img loading=\"lazy\" decoding=\"async\" width=\"1024\" height=\"1024\" data-id=\"12\" src=\"http:\/\/cuppaterra.com\/wp-content\/uploads\/2025\/10\/IMG_0355-1024x1024.jpeg\" alt=\"\" class=\"wp-image-12\" srcset=\"https:\/\/cuppaterra.com\/wp-content\/uploads\/2025\/10\/IMG_0355-1024x1024.jpeg 1024w, https:\/\/cuppaterra.com\/wp-content\/uploads\/2025\/10\/IMG_0355-300x300.jpeg 300w, https:\/\/cuppaterra.com\/wp-content\/uploads\/2025\/10\/IMG_0355-150x150.jpeg 150w, https:\/\/cuppaterra.com\/wp-content\/uploads\/2025\/10\/IMG_0355-768x768.jpeg 768w, https:\/\/cuppaterra.com\/wp-content\/uploads\/2025\/10\/IMG_0355.jpeg 1026w\" sizes=\"auto, (max-width: 1024px) 100vw, 1024px\" \/><\/figure>\n<\/figure>\n\n\n\n<h3 class=\"wp-block-heading\">Sizi Cuppaterra\u2019ya Bekliyoruz&#8230;<\/h3>\n\n\n\n<p>Kahve tutkumuzu sizinle payla\u015fmak i\u00e7in buraday\u0131z.<br>Gelin, Cuppaterra\u2019n\u0131n s\u0131cac\u0131k atmosferinde kahvenizin keyfini \u00e7\u0131kar\u0131n, topraktan gelen lezzetin fark\u0131n\u0131 hissedin.<br>\u0130ster g\u00fcne enerjik bir ba\u015flang\u0131\u00e7 yap\u0131n, ister dostlar\u0131n\u0131zla huzurlu bir mola verin \u2014 kap\u0131m\u0131z her zaman a\u00e7\u0131k.<\/p>\n\n\n\n<p><strong>Bir fincan kahveyle tan\u0131\u015fal\u0131m, dostlu\u011fa d\u00f6n\u00fc\u015fs\u00fcn.<\/strong><\/p>\n\n\n\n","protected":false},"excerpt":{"rendered":"<p>Cuppa Terra Cuppa Terra, kahveye tutkuyla yakla\u015fanlar\u0131n bulu\u015fma noktas\u0131!Her fincanda do\u011fall\u0131\u011f\u0131, eme\u011fi ve lezzeti bir araya getiriyoruz. \u00d6zenle se\u00e7ilmi\u015f \u00e7ekirdeklerimiz, ustal\u0131kla kavrulup taze olarak haz\u0131rlan\u0131yor; b\u00f6ylece her yudumda ger\u00e7ek kahve deneyimini hissediyorsunuz. Bizim i\u00e7in kahve yaln\u0131zca bir i\u00e7ecek de\u011fil, bir payla\u015f\u0131m bi\u00e7imi. S\u0131cac\u0131k atmosferimizde dostlar\u0131n\u0131zla sohbet ederken ya da g\u00fcn\u00fcn yorgunlu\u011funu atarken Cuppaterra\u2019n\u0131n \u00f6zel kar\u0131\u015f\u0131mlar\u0131 [&hellip;]<\/p>\n","protected":false},"author":1,"featured_media":16,"parent":0,"menu_order":0,"comment_status":"closed","ping_status":"closed","template":"","meta":{"footnotes":""},"class_list":["post-19","page","type-page","status-publish","has-post-thumbnail","hentry"],"_links":{"self":[{"href":"https:\/\/cuppaterra.com\/index.php?rest_route=\/wp\/v2\/pages\/19","targetHints":{"allow":["GET"]}}],"collection":[{"href":"https:\/\/cuppaterra.com\/index.php?rest_route=\/wp\/v2\/pages"}],"about":[{"href":"https:\/\/cuppaterra.com\/index.php?rest_route=\/wp\/v2\/types\/page"}],"author":[{"embeddable":true,"href":"https:\/\/cuppaterra.com\/index.php?rest_route=\/wp\/v2\/users\/1"}],"replies":[{"embeddable":true,"href":"https:\/\/cuppaterra.com\/index.php?rest_route=%2Fwp%2Fv2%2Fcomments&post=19"}],"version-history":[{"count":26,"href":"https:\/\/cuppaterra.com\/index.php?rest_route=\/wp\/v2\/pages\/19\/revisions"}],"predecessor-version":[{"id":96,"href":"https:\/\/cuppaterra.com\/index.php?rest_route=\/wp\/v2\/pages\/19\/revisions\/96"}],"wp:featuredmedia":[{"embeddable":true,"href":"https:\/\/cuppaterra.com\/index.php?rest_route=\/wp\/v2\/media\/16"}],"wp:attachment":[{"href":"https:\/\/cuppaterra.com\/index.php?rest_route=%2Fwp%2Fv2%2Fmedia&parent=19"}],"curies":[{"name":"wp","href":"https:\/\/api.w.org\/{rel}","templated":true}]}}